{"id":14,"date":"2022-10-31T18:01:12","date_gmt":"2022-10-31T18:01:12","guid":{"rendered":"https:\/\/green.roomlex.com\/web\/?page_id=14"},"modified":"2025-06-15T09:33:51","modified_gmt":"2025-06-15T09:33:51","slug":"mantenimiento","status":"publish","type":"page","link":"https:\/\/green.roomlex.com\/web\/mantenimiento\/","title":{"rendered":"mantenimiento"},"content":{"rendered":"SE ACERCA UN NUEVO COMIENZO\n\n<b>Nuestro sitio web est\u00e1 en construcci\u00f3n, pero puedes contactar con nosotros y comentarnos tu proyecto en nuestras oficinas de:\n<\/b>\n\nPaseo Independencia, n\u00fam. 28, 5\u00ba, oficina 6<br>50.004 Zaragoza\n\n<div class=\"wp-block-buttons is-layout-flex wp-block-buttons-is-layout-flex\"><div class=\"wp-block-button\"><a class=\"wp-block-button__link\">976 79 66 13<\/a><\/div><\/div>\n\n<div class=\"wp-block-buttons is-layout-flex wp-block-buttons-is-layout-flex\"><div class=\"wp-block-button\"><a class=\"wp-block-button__link\">info@green-consultores.es<\/a><\/div><\/div>","protected":false},"excerpt":{"rendered":"<p>SE ACERCA UN NUEVO COMIENZO Nuestro sitio web est\u00e1 en construcci\u00f3n, pero puedes contactar con nosotros y comentarnos tu proyecto en nuestras oficinas de: Paseo Independencia, n\u00fam. 28, 5\u00ba, oficina 650.004 Zaragoza<\/p>\n","protected":false},"author":1,"featured_media":0,"parent":0,"menu_order":14,"comment_status":"closed","ping_status":"closed","template":"","meta":{"footnotes":""},"class_list":["post-14","page","type-page","status-publish","hentry"],"_links":{"self":[{"href":"https:\/\/green.roomlex.com\/web\/wp-json\/wp\/v2\/pages\/14","targetHints":{"allow":["GET"]}}],"collection":[{"href":"https:\/\/green.roomlex.com\/web\/wp-json\/wp\/v2\/pages"}],"about":[{"href":"https:\/\/green.roomlex.com\/web\/wp-json\/wp\/v2\/types\/page"}],"author":[{"embeddable":true,"href":"https:\/\/green.roomlex.com\/web\/wp-json\/wp\/v2\/users\/1"}],"replies":[{"embeddable":true,"href":"https:\/\/green.roomlex.com\/web\/wp-json\/wp\/v2\/comments?post=14"}],"version-history":[{"count":100,"href":"https:\/\/green.roomlex.com\/web\/wp-json\/wp\/v2\/pages\/14\/revisions"}],"predecessor-version":[{"id":9218,"href":"https:\/\/green.roomlex.com\/web\/wp-json\/wp\/v2\/pages\/14\/revisions\/9218"}],"wp:attachment":[{"href":"https:\/\/green.roomlex.com\/web\/wp-json\/wp\/v2\/media?parent=14"}],"curies":[{"name":"wp","href":"https:\/\/api.w.org\/{rel}","templated":true}]}}